{"id":220,"date":"2017-03-21T14:51:04","date_gmt":"2017-03-21T18:51:04","guid":{"rendered":"http:\/\/pprod.avantage.ca\/surf\/"},"modified":"2025-12-15T10:58:35","modified_gmt":"2025-12-15T15:58:35","slug":"avantage-pro","status":"publish","type":"page","link":"https:\/\/www.avantage.ca\/en\/solutions\/avantage-pro\/","title":{"rendered":"Avantage PRO"},"content":{"rendered":"<section class=\"banner banner--avantagePro\">\r\n\t<div class=\"container\">\r\n\t\t<div class=\"banner__left\">\r\n\t\t\t<h3 class=\"banner__left__titre\">Proven solutions for accounting professionals.<\/h3>\r\n\t\t\t<p class=\"banner__left__texte\">The perfect tool to simplify and accelerate data import, mission reviews, preparation of financial statements and budgets.<\/p>\r\n\t\t\t<div class=\"banner__left__button\">\r\n\t\t\t\t<a class=\"button black\" data-target=\"button\" data-id=\"contacter-logiciels_EN\" data-title=\"Contact an advisor\">Contact an advisor<\/a>\r\n\t\t\t<\/div>\r\n\t\t<\/div>\r\n\t\t<div class=\"banner__right\">\r\n\t\t\t<img decoding=\"async\" src=\"\/wp-content\/themes\/avantage\/assets\/img\/bg_header_avantagePro.svg\">\r\n\t\t<\/div>\r\n\t<\/div>\r\n<\/section>\r\n\r\n<!-- ###############################################################################\r\nAncres\r\n#################################################################################-->\r\n<div class=\"header_page_ancre\">\r\n\t<div class=\"container\">\r\n\t\t<div class=\"header_page__wrap\">\r\n\t\t\t<div class=\"header_page__wrap__ancre_haut_page\">\r\n\t\t\t\t<ul>\r\n\t\t\t\t\t<li><a class=\"header_page__wrap__ancre_haut_page__lien fonctionnalites js-scrollTo trackingGA\" href=\"#price\">Price<\/a><\/li>\r\n\t\t\t\t\t<!--<li><a class=\"header_page__wrap__ancre_haut_page__lien fonctionnalites js-scrollTo trackingGA\" href=\"#functionalities\">Functionalities<\/a><\/li>-->\r\n\t\t\t\t<\/ul>\r\n\t\t\t<\/div>\r\n\t\t<\/div>\r\n\t<\/div>\r\n<\/div>\r\n\r\n<!-- ###############################################################################\r\nmodule_presentation__avantagePME\r\n#################################################################################-->\r\n<div class=\"module_presentation_icon\">\r\n\t<div class=\"container\">\r\n\t\t<div class=\"module_presentation_icon__wrap\">\r\n\t\t\t<div class=\"module_presentation_icon__wrap__txt\">\r\n\t\t\t\t<div class=\"module_presentation_icon__wrap__txt__content\">\r\n\t\t\t\t\t<h2 class=\"h2\">A flexible solution that adapts to your professional needs<\/h2>\r\n\t\t\t\t\t<div class=\"module_presentation_icon__wrap__txt__content__blocs\">\r\n\t\t\t\t\t\t<div class=\"module_presentation_icon__wrap__txt__content__blocs__bloc\">\r\n\t\t\t\t\t\t\t<p><img decoding=\"async\" src=\"\/wp-content\/themes\/avantage\/assets\/img\/img_avantagePME_verification.svg\"><\/p>\r\n\t\t\t\t\t\t\t<h3>Audit:<\/h3>\r\n\t\t\t\t\t\t\t<p>The Audit package integrates questionnaires, lead sheets, work sheets, variation according to the professional, account creation and analysis, details of General Ledger entries, view, add and modify adjusting entries and signatures. It can also be used for consolidations and to produce professional financial statements.<\/p>\r\n\t\t\t\t\t\t<\/div>\r\n\t\t\t\t\t\t<div class=\"module_presentation_icon__wrap__txt__content__blocs__bloc\">\r\n\t\t\t\t\t\t\t<p><img decoding=\"async\" src=\"\/wp-content\/themes\/avantage\/assets\/img\/img_avantagePME_verification_PLUS.svg\"><\/p>\r\n\t\t\t\t\t\t\t<h3>Audit PLUS<\/h3>\r\n\t\t\t\t\t\t\t<p>In addition to the verification, consolidation and production of professional financial statements, the PLUS package facilitates the preparation of detailed budgets, cash-flow budgets and interim financial statements.<\/p>\r\n\t\t\t\t\t\t<\/div>\r\n\t\t\t\t\t\t<div class=\"module_presentation_icon__wrap__txt__content__blocs__bloc\">\r\n\t\t\t\t\t\t\t<p><img decoding=\"async\" src=\"\/wp-content\/themes\/avantage\/assets\/img\/img_avantagePME_complet.svg\"><\/p>\r\n\t\t\t\t\t\t\t<h3>Complete<\/h3>\r\n\t\t\t\t\t\t\t<p>The Complete package contains all financial statement verification, consolidation and production functionalities and budget functionalities. You can also use it to manage your operations: time sheets per employee, manage files and work in progress, billing, manage accounts payable, etc.<\/p>\r\n\t\t\t\t\t\t<\/div>\t\t\r\n\t\t\t\t\t<\/div>\r\n\t\t\t\t<\/div>\r\n\t\t\t<\/div>\r\n\t\t<\/div>\r\n\t<\/div>\r\n<\/div>\r\n\r\n<!-- ###############################################################################\r\nTableau\r\n#################################################################################-->\r\n<section id=\"price\" class=\"tableaux tableaux--4col tableaux--avantagepro\">\r\n\t<div class=\"container\">\r\n\t\t<div class=\"tableaux--hover\">\r\n\t\t\t<table class=\"tableaux__entete\">\r\n\t\t\t\t<thead>\r\n\t\t\t\t\t<tr>\r\n\t\t\t\t\t\t<th><h3>Prices and modules<\/h3><\/th>\r\n\t\t\t\t\t\t<th>\r\n\t\t\t\t\t\t\t<p class=\"tableaux__entete__titre\">Audit<\/p>\r\n\t\t\t\t\t\t\t<p class=\"tableaux__entete__prix\"><sup>$<\/sup>2285<\/p>\r\n\t\t\t\t\t\t\t<div class=\"tableaux__entete__cta\">\r\n\t\t\t\t\t\t\t\t<a class=\"button button_small\" data-target=\"button\" data-id=\"contacter-logiciels_EN\" data-title=\"Contact an advisor\" data-plan=\"Avantage PRO - Audit\">Contact<br> an advisor<\/a><br>\r\n\t\t\t\t\t\t\t<\/div>\r\n\t\t\t\t\t\t<\/th>\r\n\t\t\t\t\t\t<th>\r\n\t\t\t\t\t\t\t<p class=\"tableaux__entete__titre\">Progression&nbsp;SE<\/p>\r\n\t\t\t\t\t\t\t<p class=\"tableaux__entete__prix\"><sup>$<\/sup>2855<\/p>\r\n\t\t\t\t\t\t\t<div class=\"tableaux__entete__cta\">\r\n\t\t\t\t\t\t\t\t<a class=\"button button_small\" data-target=\"button\" data-id=\"contacter-logiciels_EN\" data-title=\"Contact an advisor\" data-plan=\"Avantage PRO - Progression SE\">Contact<br> an advisor<\/a><br>\r\n\t\t\t\t\t\t\t<\/div>\r\n\t\t\t\t\t\t<\/th>\r\n\t\t\t\t\t\t<th>\r\n\t\t\t\t\t\t\t<p class=\"tableaux__entete__titre\">Implication&nbsp;SE<\/p>\r\n\t\t\t\t\t\t\t<p class=\"tableaux__entete__prix\"><sup>$<\/sup>3565<\/p>\r\n\t\t\t\t\t\t\t<div class=\"tableaux__entete__cta\">\r\n\t\t\t\t\t\t\t\t<a class=\"button button_small\" data-target=\"button\" data-id=\"contacter-logiciels_EN\" data-title=\"Contact an advisor\" data-plan=\"Avantage PRO - Implication SE\">Contact<br> an advisor<\/a><br>\r\n\t\t\t\t\t\t\t<\/div>\r\n\t\t\t\t\t\t<\/th>\r\n\t\t\t\t\t<\/tr>\r\n\t\t\t\t<\/thead>\r\n\t\t\t<\/table>\r\n\t\t\t<div class=\"tableaux__content\">\r\n\t\t\t\t<table>\r\n\t\t\t\t\t<tbody>\r\n\t\t\t\t\t\t<tr>\r\n\t\t\t\t\t\t\t<td>General Ledger<\/td>\r\n\t\t\t\t\t\t\t<td><i class=\"chevron\"><\/i><\/td>\r\n\t\t\t\t\t\t\t<td><i class=\"chevron\"><\/i><\/td>\r\n\t\t\t\t\t\t\t<td><i class=\"chevron\"><\/i><\/td>\r\n\t\t\t\t\t\t<\/tr>\r\n\t\t\t\t\t\t<tr>\r\n\t\t\t\t\t\t\t<td>Audit&nbsp;\/ onsolidated<\/td>\r\n\t\t\t\t\t\t\t<td><i class=\"chevron\"><\/i><\/td>\r\n\t\t\t\t\t\t\t<td><i class=\"chevron\"><\/i><\/td>\r\n\t\t\t\t\t\t\t<td><i class=\"chevron\"><\/i><\/td>\r\n\t\t\t\t\t\t<\/tr>\r\n\t\t\t\t\t\t<tr>\r\n\t\t\t\t\t\t\t<td>Professional<\/td>\r\n\t\t\t\t\t\t\t<td><i class=\"chevron\"><\/i><\/td>\r\n\t\t\t\t\t\t\t<td><i class=\"chevron\"><\/i><\/td>\r\n\t\t\t\t\t\t\t<td><i class=\"chevron\"><\/i><\/td>\r\n\t\t\t\t\t\t<\/tr>\r\n\t\t\t\t\t\t<tr>\r\n\t\t\t\t\t\t\t<td>Forecast<\/td>\r\n\t\t\t\t\t\t\t<td><\/td>\r\n\t\t\t\t\t\t\t<td><i class=\"chevron\"><\/i><\/td>\r\n\t\t\t\t\t\t\t<td><i class=\"chevron\"><\/i><\/td>\r\n\t\t\t\t\t\t<\/tr>\r\n\t\t\t\t\t\t<tr>\r\n\t\t\t\t\t\t\t<td>Work-in-Progress<\/td>\r\n\t\t\t\t\t\t\t<td><\/td>\r\n\t\t\t\t\t\t\t<td><\/td>\r\n\t\t\t\t\t\t\t<td><i class=\"chevron\"><\/i><\/td>\r\n\t\t\t\t\t\t<\/tr>\r\n\t\t\t\t\t\t<tr>\r\n\t\t\t\t\t\t\t<td>Accounts receivable<\/td>\r\n\t\t\t\t\t\t\t<td><\/td>\r\n\t\t\t\t\t\t\t<td><\/td>\r\n\t\t\t\t\t\t\t<td><i class=\"chevron\"><\/i><\/td>\r\n\t\t\t\t\t\t<\/tr>\r\n\t\t\t\t\t\t<tr>\r\n\t\t\t\t\t\t\t<td>Accounts payable<\/td>\r\n\t\t\t\t\t\t\t<td><\/td>\r\n\t\t\t\t\t\t\t<td><\/td>\r\n\t\t\t\t\t\t\t<td><i class=\"chevron\"><\/i><\/td>\r\n\t\t\t\t\t\t<\/tr>\r\n\t\t\t\t\t\t<tr class=\"tableaux__content__ligneprix\">\r\n\t\t\t\t\t\t\t<td>Engagement Form Option<\/td>\r\n\t\t\t\t\t\t\t<td>+ $412<\/td>\r\n\t\t\t\t\t\t\t<td>+ $412<\/td>\r\n\t\t\t\t\t\t\t<td>+ $412<\/td>\r\n\t\t\t\t\t\t<\/tr>\r\n\t\t\t\t\t<\/tbody>\r\n\t\t\t\t<\/table>\r\n\t\t\t<\/div>\r\n\t\t<\/div>\r\n\t\t<p>\r\n\t\t\t<a href=\"\/wp-content\/themes\/avantage\/assets\/pdf\/Prerequis_installation_AvantagePRO_EN.pdf\" target=\"_blank\" class=\"\" rel=\"noopener\">System requirements<\/a>\r\n\t\t<\/p>\r\n\t<\/div>\r\n<\/section>\r\n<!-- ###############################################################################\r\nmodule-accordeon-fonctions d\u00e9taill\u00e9es\r\n#################################################################################-->\r\n<!--\r\n<section class=\"tableaux container\" id=\"fonctionnalites\">\r\n\t<h2 class=\"h3\">Fonctionnalit\u00e9s d\u00e9taill\u00e9es<\/h2>\r\n\t<div class=\"tableaux__content tableaux--accordeon\">\r\n\t\t<div class=\"tableaux--accordeon__head active\">Grand Livre<\/div>\r\n\t\t<div class=\"tableaux--accordeon__tableau open\" style=\"display: block;\">\r\n\t\t\t<table>\r\n\t\t\t\t<tbody>\r\n\t\t\t\t\t<tr>\r\n\t\t\t\t\t\t<td>V\u00e9rification syst\u00e9matique de l'\u00e9quilibre des \u00e9critures avant leur enregistrement<\/td>\r\n\t\t\t\t\t<\/tr>\r\n\t\t\t\t\t<tr>\r\n\t\t\t\t\t\t<td>Entr\u00e9e des \u00e9critures dans les exercies courant, pr\u00e9c\u00e9dent et suivant<\/td>\r\n\t\t\t\t\t<\/tr>\r\n\t\t\t\t\t<tr>\r\n\t\t\t\t\t\t<td>Exercice financier sur 12 ou 13 p\u00e9riodes<\/td>\r\n\t\t\t\t\t<\/tr>\r\n\t\t\t\t\t<tr>\r\n\t\t\t\t\t\t<td>\u00c9critures automatiques<\/td>\r\n\t\t\t\t\t<\/tr>\r\n\t\t\t\t\t<tr>\r\n\t\t\t\t\t\t<td>Affichage des soldes des compte permettant de visualiser l'\u00e9criture compl\u00e8te<\/td>\r\n\t\t\t\t\t<\/tr>\r\n\t\t\t\t\t<tr>\r\n\t\t\t\t\t\t<td>Possibilit\u00e9 de produire et conserver les tableaux de remboursement des emprunts<\/td>\r\n\t\t\t\t\t<\/tr>\r\n\t\t\t\t\t<tr>\r\n\t\t\t\t\t\t<td>Possibilit\u00e9 d'Effectuer la conciliation bancaire de plusieurs comptes de banque<\/td>\r\n\t\t\t\t\t<\/tr>\r\n\t\t\t\t\t<tr>\r\n\t\t\t\t\t\t<td>R\u00e9partition du b\u00e9n\u00e9fice par associ\u00e9<\/td>\r\n\t\t\t\t\t<\/tr>\r\n\t\t\t\t\t<tr>\r\n\t\t\t\t\t\t<td>Gestion et impression de ratios financiers<\/td>\r\n\t\t\t\t\t<\/tr>\r\n\t\t\t\t\t<tr>\r\n\t\t\t\t\t\t<td>\u00c9tats financiers flexibles permettant diff\u00e9rentes pr\u00e9sentations<\/td>\r\n\t\t\t\t\t<\/tr>\r\n\t\t\t\t<\/tbody>\r\n\t\t\t<\/table>\r\n\t\t<\/div>\r\n\t<\/div>\r\n\t<div class=\"tableaux__content tableaux--accordeon\">\r\n\t\t<div class=\"tableaux--accordeon__head\">V\u00e9rification\/Consolid\u00e9<\/div>\r\n\t\t<div class=\"tableaux--accordeon__tableau\">\r\n\t\t\t<table class=\"tableaux__content\">\r\n\t\t\t\t<tbody>\r\n\t\t\t\t\t<tr>\r\n\t\t\t\t\t\t<td>Importation rapide du plan comptable, de la balance de v\u00e9rification (ann\u00e9e courante et ann\u00e9e pr\u00e9c\u00e9dente) et des transactions du Grand livre de vos clients<\/td>\r\n\t\t\t\t\t<\/tr>\r\n\t\t\t\t\t<tr>\r\n\t\t\t\t\t\t<td>Application Transporteur disponible pour tous vos clients pour l'envoi des donn\u00e9es par courriel<\/td>\r\n\t\t\t\t\t<\/tr>\r\n\t\t\t\t\t<tr>\r\n\t\t\t\t\t\t<td>Possibilit\u00e9 de travailler \u00e0 partir d'un dossier mod\u00e8le et de le personnaliser au besoin<\/td>\r\n\t\t\t\t\t<\/tr>\r\n\t\t\t\t\t<tr>\r\n\t\t\t\t\t\t<td>Int\u00e9rimaire disponible \u00e0 n'importe quelle p\u00e9riode de l'exercice financier<\/td>\r\n\t\t\t\t\t<\/tr>\r\n\t\t\t\t\t<tr>\r\n\t\t\t\t\t\t<td>Questionnaires personnalis\u00e9s<\/td>\r\n\t\t\t\t\t<\/tr>\r\n\t\t\t\t\t<tr>\r\n\t\t\t\t\t\t<td>Questionnaires de missions de compilation et d'examen toujours \u00e0 jour (abonnement \u00e0 l'option Formulaires de missions requis)<\/td>\r\n\t\t\t\t\t<\/tr>\r\n\t\t\t\t\t<tr>\r\n\t\t\t\t\t\t<td>Feuilles ma\u00eetresses d\u00e9taill\u00e9es contenant les diff\u00e9rents soldes des comptes et des r\u00e9gularisations avec explications et possibilit\u00e9 d'attacher des pi\u00e8ces justificatives<\/td>\r\n\t\t\t\t\t<\/tr>\r\n\t\t\t\t\t<tr>\r\n\t\t\t\t\t\t<td>Fonction de rappel des derni\u00e8res \u00e9critures de r\u00e9gularisation pour consultation ou pour copier dans l'audit en cours<\/td>\r\n\t\t\t\t\t<\/tr>\r\n\t\t\t\t\t<tr>\r\n\t\t\t\t\t\t<td>Affichage rapide des informations n\u00e9cessaires pour expliquer en d\u00e9tail les diff\u00e9rentes variations du dossier<\/td>\r\n\t\t\t\t\t<\/tr>\r\n\t\t\t\t\t<tr>\r\n\t\t\t\t\t\t<td>Analyses de compte donnant acc\u00e8s \u00e0 la liste compl\u00e8te des transactions du Grand Livre avec le d\u00e9tail des \u00e9critures<\/td>\r\n\t\t\t\t\t<\/tr>\r\n\t\t\t\t\t<tr>\r\n\t\t\t\t\t\t<td>Possibilit\u00e9 d'appliquer un filtre d'analyse afin de cibler des \u00e9critures en particulier<\/td>\r\n\t\t\t\t\t<\/tr>\r\n\t\t\t\t\t<tr>\r\n\t\t\t\t\t\t<td>Acc\u00e8s en tout temps au d\u00e9tail d'une r\u00e9gularisation<\/td>\r\n\t\t\t\t\t<\/tr>\r\n\t\t\t\t\t<tr>\r\n\t\t\t\t\t\t<td>Feuilles de travail compl\u00e8tement int\u00e9gr\u00e9es (Immobilisations, Dettes \u00e0 long terme, Placements et Frais pay\u00e9s d'avance) permettant de suivre le dossier du client ann\u00e9e apr\u00e8s ann\u00e9e<\/td>\r\n\t\t\t\t\t<\/tr>\r\n\t\t\t\t\t<tr>\r\n\t\t\t\t\t\t<td>Automatisation de certaines \u00e9critures annuelles se rapportant aux Feuilles de travail en lien avec les \u00e9tats financiers professionnels<\/td>\r\n\t\t\t\t\t<\/tr>\r\n\t\t\t\t\t<tr>\r\n\t\t\t\t\t\t<td>Consolidation des r\u00e9sultats de plusieurs compagnies avec flexibilit\u00e9 de correspondances des comptes<\/td>\r\n\t\t\t\t\t<\/tr>\r\n\t\t\t\t\t<tr>\r\n\t\t\t\t\t\t<td>Possibilit\u00e9 d'imprimer les sections d\u00e9sir\u00e9es et les pi\u00e8ces jointes (PDF, Excel et Word) dans un seul document PDF (incluant les signets pour une navigation facile)<\/td>\r\n\t\t\t\t\t<\/tr>\r\n\t\t\t\t<\/tbody>\r\n\t\t\t<\/table>\r\n\t\t<\/div>\r\n\t<\/div>\r\n\t<div class=\"tableaux__content tableaux--accordeon\">\r\n\t\t<div class=\"tableaux--accordeon__head\">Professionnel<\/div>\r\n\t\t<div class=\"tableaux--accordeon__tableau\">\r\n\t\t\t<table class=\"tableaux__content\">\r\n\t\t\t\t<tbody>\r\n\t\t\t\t\t<tr>\r\n\t\t\t\t\t\t<td>Mod\u00e8les d'\u00e9tats financiers professionnels fournis (personnalisation possible)<\/td>\r\n\t\t\t\t\t<\/tr>\r\n\t\t\t\t\t<tr>\r\n\t\t\t\t\t\t<td>Pr\u00e9sentation et mise en page flexibles<\/td>\r\n\t\t\t\t\t<\/tr>\r\n\t\t\t\t\t<tr>\r\n\t\t\t\t\t\t<td>Pr\u00e9sentation avec fonds pour les OSBL (jusqu'\u00e0 4 fonds)<\/td>\r\n\t\t\t\t\t<\/tr>\r\n\t\t\t\t\t<tr>\r\n\t\t\t\t\t\t<td>Num\u00e9rotation automatique des notes<\/td>\r\n\t\t\t\t\t<\/tr>\r\n\t\t\t\t\t<tr>\r\n\t\t\t\t\t\t<td>Num\u00e9rotation automatique de la table des mati\u00e8res<\/td>\r\n\t\t\t\t\t<\/tr>\r\n\t\t\t\t\t<tr>\r\n\t\t\t\t\t\t<td>Ent\u00eates de colonnes automatiques<\/td>\r\n\t\t\t\t\t<\/tr>\r\n\t\t\t\t\t<tr>\r\n\t\t\t\t\t\t<td>Pr\u00e9sentation des soldes d'ouverture pour les soci\u00e9t\u00e9s \u00e0 capital ferm\u00e9 (bilan sur 3 colonnes)<\/td>\r\n\t\t\t\t\t<\/tr>\r\n\t\t\t\t\t<tr>\r\n\t\t\t\t\t\t<td>Lien avec les diff\u00e9rentes Feuilles de travail<\/td>\r\n\t\t\t\t\t<\/tr>\r\n\t\t\t\t\t<tr>\r\n\t\t\t\t\t\t<td>Production de rapports PDF pouvant inclure un logo et une signature num\u00e9rique<\/td>\r\n\t\t\t\t\t<\/tr>\r\n\t\t\t\t\t<tr>\r\n\t\t\t\t\t\t<td>Pr\u00e9paration automatique ou manuelle du flux de tr\u00e9sorerie<\/td>\r\n\t\t\t\t\t<\/tr>\r\n\t\t\t\t\t<tr>\r\n\t\t\t\t\t\t<td>Contr\u00f4le de l'int\u00e9grit\u00e9 pour la production des \u00e9tats financiers<\/td>\r\n\t\t\t\t\t<\/tr>\r\n\t\t\t\t\t<tr>\r\n\t\t\t\t\t\t<td>Importation des \u00e9tats financiers d'une compagnie \u00e0 l'autre<\/td>\r\n\t\t\t\t\t<\/tr>\r\n\t\t\t\t\t<tr>\r\n\t\t\t\t\t\t<td>Transfert des donn\u00e9es \u00e0 l'IGRF pouvant inclure les notes et messages<\/td>\r\n\t\t\t\t\t<\/tr>\r\n\t\t\t\t\t<tr>\r\n\t\t\t\t\t\t<td>Transfert des donn\u00e9es \u00e0 la Financi\u00e8re agricole du Qu\u00e9bec (TEDF)<\/td>\r\n\t\t\t\t\t<\/tr>\r\n\t\t\t\t<\/tbody>\r\n\t\t\t<\/table>\r\n\t\t<\/div>\r\n\t<\/div>\r\n\t<div class=\"tableaux__content tableaux--accordeon\">\r\n\t\t<div class=\"tableaux--accordeon__head\">Budget<\/div>\r\n\t\t<div class=\"tableaux--accordeon__tableau\">\r\n\t\t\t<table class=\"tableaux__content\">\r\n\t\t\t\t<tbody>\r\n\t\t\t\t\t<tr>\r\n\t\t\t\t\t\t<td>Information indisponible pour le moment<\/td>\r\n\t\t\t\t\t<\/tr>\r\n\t\t\t\t<\/tbody>\r\n\t\t\t<\/table>\r\n\t\t<\/div>\r\n\t<\/div>\r\n\t<div class=\"tableaux__content tableaux--accordeon\">\r\n\t\t<div class=\"tableaux--accordeon__head\">Travaux en cours<\/div>\r\n\t\t<div class=\"tableaux--accordeon__tableau\">\r\n\t\t\t<table class=\"tableaux__content\">\r\n\t\t\t\t<tbody>\r\n\t\t\t\t\t<tr>\r\n\t\t\t\t\t\t<td>Entr\u00e9e de feuilles de temps par employ\u00e9, par intervalle de dates ou sous forme de calendrier<\/td>\r\n\t\t\t\t\t<\/tr>\r\n\t\t\t\t\t<tr>\r\n\t\t\t\t\t\t<td>Possibilit\u00e9 de plusieurs dossiers par client<\/td>\r\n\t\t\t\t\t<\/tr>\r\n\t\t\t\t\t<tr>\r\n\t\t\t\t\t\t<td>Classification par secteur d\u2019activit\u00e9s<\/td>\r\n\t\t\t\t\t<\/tr>\r\n\t\t\t\t\t<tr>\r\n\t\t\t\t\t\t<td>Contr\u00f4le de l\u2019entr\u00e9e et de l\u2019approbation des feuilles de temps avec affichage ou masquage des taux<\/td>\r\n\t\t\t\t\t<\/tr>\r\n\t\t\t\t\t<tr>\r\n\t\t\t\t\t\t<td>Saisie des co\u00fbts et temps facturables ou non facturables<\/td>\r\n\t\t\t\t\t<\/tr>\r\n\t\t\t\t\t<tr>\r\n\t\t\t\t\t\t<td>Facturation progressive<\/td>\r\n\t\t\t\t\t<\/tr>\r\n\t\t\t\t\t<tr>\r\n\t\t\t\t\t\t<td>Rapports personnalis\u00e9s de travaux en cours, de pr\u00e9facturation, d\u2019\u00e2ge des travaux en cours, de relev\u00e9 de facturation<\/td>\r\n\t\t\t\t\t<\/tr>\r\n\t\t\t\t\t<tr>\r\n\t\t\t\t\t\t<td>Importation des feuilles de temps en format Excel<\/td>\r\n\t\t\t\t\t<\/tr>\r\n\t\t\t\t\t<tr>\r\n\t\t\t\t\t\t<td>Gestion et \u00e9valuation de la rentabilit\u00e9 des dossiers par \u00e9tape et par t\u00e2che<\/td>\r\n\t\t\t\t\t<\/tr>\r\n\t\t\t\t<\/tbody>\r\n\t\t\t<\/table>\r\n\t\t<\/div>\r\n\t<\/div>\r\n<\/section>\r\n<p class=\"tableaux__boutons-mobile\">\r\n\t<a class=\"button\" data-target=\"button\" data-id=\"contacter-logiciels_EN\" data-title=\"Contact an advisor\">Contact an advisor<\/a>\r\n<\/p>-->\r\n<section class=\"questions questions--avantagepro\">\r\n\t<div class=\"container\">\r\n\t<h2>Do you have questions or want to get a closer look at the software?<\/h2>\r\n\r\n\t\t\t\t<div class=\"box\">\r\n\t\t\t\t\t<p>Contact one of our advisors to discuss your needs and plan a customized demonstration.<\/p>\r\n\t\t\t\t\t\r\n\t\t\t\t\t<a class=\"button\" data-target=\"button\" data-id=\"contacter-logiciels_EN\" data-title=\"Talk to our experts\">Talk to <br>our experts<\/a>\r\n\t\t\t\t<\/div>\r\n\t\t\t<\/div>\r\n\r\n<\/section>\r\n\r\n<div class=\"full_page_modal_bg\"><\/div>\r\n<div class=\"full_page_modal full_page_modal_hidden configuration\" id=\"configuration_desktop\">\r\n\t<div class=\"full_page_modal_content\">\r\n\t\t<div class=\"close_modal\">\r\n\t\t\t<div>\r\n\t\t\t\t<img decoding=\"async\" src=\"\/wp-content\/themes\/avantage\/assets\/img\/x-btn-close.svg\" alt=\"X\">\r\n\t\t\t<\/div>\r\n\t\t<\/div>\r\n\t\t<div class=\"container\">\r\n\t\t\t<h2>System requirements<\/h2>\r\n\t\t\t<div class=\"configuration__bloc\">\r\n\t\t\t\t<h4 class=\"p\">Operating system <\/h4>\r\n\t\t\t\t<ul>\r\n\t\t\t\t\t<li>Windows 7 or +<\/li>\r\n\t\t\t\t\t<li>Windows Server 2008, 2012 ou 2016<\/li>\r\n\t\t\t\t<\/ul>\r\n\t\t\t<\/div>\r\n\t\t\t<div class=\"configuration__bloc\">\r\n\t\t\t\t<h4 class=\"p\">RAM<\/h4>\r\n\t\t\t\t<ul>\r\n\t\t\t\t\t<li>1&nbsp;GB<\/li>\r\n\t\t\t\t<\/ul>\r\n\t\t\t<\/div>\r\n\t\t\t<div class=\"configuration__bloc\">\r\n\t\t\t\t<h4 class=\"p\">Hard drive<\/h4>\r\n\t\t\t\t<ul>\r\n\t\t\t\t\t<li>250&nbsp;MB<\/li>\r\n\t\t\t\t<\/ul>\r\n\t\t\t<\/div>\r\n\t\t\t<div class=\"configuration__bloc\">\r\n\t\t\t\t<h4 class=\"p\">Minimum screen resolution<\/h4>\r\n\t\t\t\t<ul>\r\n\t\t\t\t\t<li>1024&nbsp;X&nbsp;768<\/li>\r\n\t\t\t\t<\/ul>\r\n\t\t\t<\/div>\r\n\t\t<\/div>\r\n\t<\/div>\r\n<\/div>","protected":false},"excerpt":{"rendered":"Proven solutions for accounting professionals. The perfect tool to simplify and accelerate data import, mission reviews, preparation of financial statements and budgets. Contact an advisor Price A flexible solution that adapts to your professional needs Audit: The Audit package integrates questionnaires, lead sheets, work sheets, variation according to the professional, account creation and analysis, details [&hellip;]","protected":false},"author":7,"featured_media":0,"parent":18318,"menu_order":0,"comment_status":"closed","ping_status":"closed","template":"templates\/template_container_less.php","meta":{"_acf_changed":false,"footnotes":""},"class_list":["post-220","page","type-page","status-publish","hentry"],"acf":[],"yoast_head":"<!-- This site is optimized with the Yoast SEO plugin v27.5 - https:\/\/yoast.com\/product\/yoast-seo-wordpress\/ -->\n<title>Avantage PRO - Avantage<\/title>\n<meta name=\"description\" content=\"A solution for accounting professionals. Simplify and accelerate your processes for importing data, preparing financial statements and budgets.\" \/>\n<meta name=\"robots\" content=\"index, follow, max-snippet:-1, max-image-preview:large, max-video-preview:-1\" \/>\n<link rel=\"canonical\" href=\"https:\/\/www.avantage.ca\/en\/solutions\/avantage-pro\/\" \/>\n<meta property=\"og:locale\" content=\"en_US\" \/>\n<meta property=\"og:type\" content=\"article\" \/>\n<meta property=\"og:title\" content=\"Avantage PRO - Avantage\" \/>\n<meta property=\"og:description\" content=\"A solution for accounting professionals. Simplify and accelerate your processes for importing data, preparing financial statements and budgets.\" \/>\n<meta property=\"og:url\" content=\"https:\/\/www.avantage.ca\/en\/solutions\/avantage-pro\/\" \/>\n<meta property=\"og:site_name\" content=\"Avantage\" \/>\n<meta property=\"article:publisher\" content=\"https:\/\/www.facebook.com\/avantageca\" \/>\n<meta property=\"article:modified_time\" content=\"2025-12-15T15:58:35+00:00\" \/>\n<meta name=\"twitter:card\" content=\"summary_large_image\" \/>\n<meta name=\"twitter:label1\" content=\"Est. reading time\" \/>\n\t<meta name=\"twitter:data1\" content=\"3 minutes\" \/>\n<script type=\"application\/ld+json\" class=\"yoast-schema-graph\">{\"@context\":\"https:\\\/\\\/schema.org\",\"@graph\":[{\"@type\":\"WebPage\",\"@id\":\"https:\\\/\\\/www.avantage.ca\\\/en\\\/solutions\\\/avantage-pro\\\/\",\"url\":\"https:\\\/\\\/www.avantage.ca\\\/en\\\/solutions\\\/avantage-pro\\\/\",\"name\":\"Avantage PRO - Avantage\",\"isPartOf\":{\"@id\":\"https:\\\/\\\/www.avantage.ca\\\/en\\\/#website\"},\"datePublished\":\"2017-03-21T18:51:04+00:00\",\"dateModified\":\"2025-12-15T15:58:35+00:00\",\"description\":\"A solution for accounting professionals. Simplify and accelerate your processes for importing data, preparing financial statements and budgets.\",\"breadcrumb\":{\"@id\":\"https:\\\/\\\/www.avantage.ca\\\/en\\\/solutions\\\/avantage-pro\\\/#breadcrumb\"},\"inLanguage\":\"en-CA\",\"potentialAction\":[{\"@type\":\"ReadAction\",\"target\":[\"https:\\\/\\\/www.avantage.ca\\\/en\\\/solutions\\\/avantage-pro\\\/\"]}]},{\"@type\":\"BreadcrumbList\",\"@id\":\"https:\\\/\\\/www.avantage.ca\\\/en\\\/solutions\\\/avantage-pro\\\/#breadcrumb\",\"itemListElement\":[{\"@type\":\"ListItem\",\"position\":1,\"name\":\"Solutions\",\"item\":\"https:\\\/\\\/www.avantage.ca\\\/en\\\/solutions\\\/\"},{\"@type\":\"ListItem\",\"position\":2,\"name\":\"Avantage PRO\"}]},{\"@type\":\"WebSite\",\"@id\":\"https:\\\/\\\/www.avantage.ca\\\/en\\\/#website\",\"url\":\"https:\\\/\\\/www.avantage.ca\\\/en\\\/\",\"name\":\"Avantage\",\"description\":\"Avantage accounting software for small businesses and accounting pros\",\"potentialAction\":[{\"@type\":\"SearchAction\",\"target\":{\"@type\":\"EntryPoint\",\"urlTemplate\":\"https:\\\/\\\/www.avantage.ca\\\/en\\\/?s={search_term_string}\"},\"query-input\":{\"@type\":\"PropertyValueSpecification\",\"valueRequired\":true,\"valueName\":\"search_term_string\"}}],\"inLanguage\":\"en-CA\"}]}<\/script>\n<!-- \/ Yoast SEO plugin. -->","yoast_head_json":{"title":"Avantage PRO - Avantage","description":"A solution for accounting professionals. Simplify and accelerate your processes for importing data, preparing financial statements and budgets.","robots":{"index":"index","follow":"follow","max-snippet":"max-snippet:-1","max-image-preview":"max-image-preview:large","max-video-preview":"max-video-preview:-1"},"canonical":"https:\/\/www.avantage.ca\/en\/solutions\/avantage-pro\/","og_locale":"en_US","og_type":"article","og_title":"Avantage PRO - Avantage","og_description":"A solution for accounting professionals. Simplify and accelerate your processes for importing data, preparing financial statements and budgets.","og_url":"https:\/\/www.avantage.ca\/en\/solutions\/avantage-pro\/","og_site_name":"Avantage","article_publisher":"https:\/\/www.facebook.com\/avantageca","article_modified_time":"2025-12-15T15:58:35+00:00","twitter_card":"summary_large_image","twitter_misc":{"Est. reading time":"3 minutes"},"schema":{"@context":"https:\/\/schema.org","@graph":[{"@type":"WebPage","@id":"https:\/\/www.avantage.ca\/en\/solutions\/avantage-pro\/","url":"https:\/\/www.avantage.ca\/en\/solutions\/avantage-pro\/","name":"Avantage PRO - Avantage","isPartOf":{"@id":"https:\/\/www.avantage.ca\/en\/#website"},"datePublished":"2017-03-21T18:51:04+00:00","dateModified":"2025-12-15T15:58:35+00:00","description":"A solution for accounting professionals. Simplify and accelerate your processes for importing data, preparing financial statements and budgets.","breadcrumb":{"@id":"https:\/\/www.avantage.ca\/en\/solutions\/avantage-pro\/#breadcrumb"},"inLanguage":"en-CA","potentialAction":[{"@type":"ReadAction","target":["https:\/\/www.avantage.ca\/en\/solutions\/avantage-pro\/"]}]},{"@type":"BreadcrumbList","@id":"https:\/\/www.avantage.ca\/en\/solutions\/avantage-pro\/#breadcrumb","itemListElement":[{"@type":"ListItem","position":1,"name":"Solutions","item":"https:\/\/www.avantage.ca\/en\/solutions\/"},{"@type":"ListItem","position":2,"name":"Avantage PRO"}]},{"@type":"WebSite","@id":"https:\/\/www.avantage.ca\/en\/#website","url":"https:\/\/www.avantage.ca\/en\/","name":"Avantage","description":"Avantage accounting software for small businesses and accounting pros","potentialAction":[{"@type":"SearchAction","target":{"@type":"EntryPoint","urlTemplate":"https:\/\/www.avantage.ca\/en\/?s={search_term_string}"},"query-input":{"@type":"PropertyValueSpecification","valueRequired":true,"valueName":"search_term_string"}}],"inLanguage":"en-CA"}]}},"_links":{"self":[{"href":"https:\/\/www.avantage.ca\/en\/wp-json\/wp\/v2\/pages\/220","targetHints":{"allow":["GET"]}}],"collection":[{"href":"https:\/\/www.avantage.ca\/en\/wp-json\/wp\/v2\/pages"}],"about":[{"href":"https:\/\/www.avantage.ca\/en\/wp-json\/wp\/v2\/types\/page"}],"author":[{"embeddable":true,"href":"https:\/\/www.avantage.ca\/en\/wp-json\/wp\/v2\/users\/7"}],"replies":[{"embeddable":true,"href":"https:\/\/www.avantage.ca\/en\/wp-json\/wp\/v2\/comments?post=220"}],"version-history":[{"count":26,"href":"https:\/\/www.avantage.ca\/en\/wp-json\/wp\/v2\/pages\/220\/revisions"}],"predecessor-version":[{"id":24871,"href":"https:\/\/www.avantage.ca\/en\/wp-json\/wp\/v2\/pages\/220\/revisions\/24871"}],"up":[{"embeddable":true,"href":"https:\/\/www.avantage.ca\/en\/wp-json\/wp\/v2\/pages\/18318"}],"wp:attachment":[{"href":"https:\/\/www.avantage.ca\/en\/wp-json\/wp\/v2\/media?parent=220"}],"curies":[{"name":"wp","href":"https:\/\/api.w.org\/{rel}","templated":true}]}}