{"id":377,"date":"2017-06-16T14:04:38","date_gmt":"2017-06-16T14:04:38","guid":{"rendered":"http:\/\/pprod.avantage.ca\/?page_id=377\/"},"modified":"2024-05-15T11:07:39","modified_gmt":"2024-05-15T15:07:39","slug":"testimonials","status":"publish","type":"page","link":"https:\/\/www.avantage.ca\/en\/about\/testimonials\/","title":{"rendered":"Testimonials"},"content":{"rendered":"<h2 class=\"h1\">Discover why so many businesses like Avantage.<\/h2>\r\n<div class=\"temoignages\">\r\n\t<div class=\"temoignages__bloc\">\r\n\t\t<div class=\"temoignages__bloc__container\">\r\n\t\t\t<div class=\"temoignages__bloc__img\">\r\n\t\t\t\t<a class=\"lien cta_full_page_modal cta_video_presentation trackingGA\" data-labeltracking=\"vid\u00e9o pr\u00e9sentation\" data-actiontracking=\"Clique\" data-categorietracking=\"Solution de paie\" data-target=\"video_presentation\">\r\n\t\t\t\t\t<img decoding=\"async\" src=\"\/wp-content\/themes\/avantage\/assets\/img\/photo_myriam_lesquir.jpg\" alt=\"\">\r\n\t\t\t\t\t<p class=\"temoignage__thumbnail__play\">Watch video (fr)<\/p>\r\n\t\t\t\t<\/a>\r\n\t\t\t<\/div>\r\n\t\t\t<div class=\"temoignages__bloc__ico\">\r\n\t\t\t\t<img decoding=\"async\" src=\"\/wp-content\/themes\/avantage\/assets\/img\/ico_quote.png\" alt=\"\">\r\n\t\t\t<\/div>\r\n\t\t\t<div class=\"temoignages__bloc__txt temoignages__bloc__txt_video\">\r\n\t\t\t\t<h2 class=\"h3\">Myriam Lesquir, <span>Controller, Germain Construction Inc.<\/span><\/h2>\r\n\t\t\t\t<p>Avantage is the best option for any type of business. It's easy to learn and to use.<\/p>\r\n\t\t\t\t<p class=\"temoignages__bloc__txt__lien\">\r\n\t\t\t\t\t<a href=\"\/en\/about\/testimonials\/germain-construction-inc-on-avantage-smb\/\">Read more<\/a>  | <a href=\"http:\/\/germainconstruction.com\/\" target=\"_blank\" rel=\"noopener\">Visit web site Germain Construction Inc.<\/a>\r\n\t\t\t\t<\/p>\r\n\t\t\t<\/div>\r\n\t\t<\/div>\r\n\t<\/div>\r\n\r\n\t<div class=\"temoignages__bloc\">\r\n\t\t<div class=\"temoignages__bloc__container\">\r\n\t\t\t<div class=\"temoignages__bloc__img\">\r\n\t\t\t\t<img decoding=\"async\" src=\"\/wp-content\/themes\/avantage\/assets\/img\/photo_melanie_larouche.jpg\" alt=\"\">\r\n\t\t\t<\/div>\r\n\t\t\t<div class=\"temoignages__bloc__ico\">\r\n\t\t\t\t<img decoding=\"async\" src=\"\/wp-content\/themes\/avantage\/assets\/img\/ico_quote.png\" alt=\"\">\r\n\t\t\t<\/div>\r\n\t\t\t<div class=\"temoignages__bloc__txt\">\r\n\t\t\t\t<h2 class=\"h3\">M\u00e9lanie Larouche, <span>Controller and HR-OHS Assistant, Groupe Alfred Boivin<\/span><\/h2>\r\n\t\t\t\t<p>This solution, which is usually available to accounting experts, is flexible and very complete. It efficiently provides direct access to our company's financial information according to our needs. This lets us strengthen our position with financial institutions and improve our decision making<\/p>\r\n\t\t\t\t<p class=\"temoignages__bloc__txt__lien\"><a href=\"\/en\/about\/testimonials\/alfred-boivin-group-on-avantage-financier\/\">Read more<\/a><\/p>\r\n\t\t\t<\/div>\r\n\t\t<\/div>\r\n\t<\/div>\r\n\r\n\t<div class=\"temoignages__bloc\">\r\n\t\t<div class=\"temoignages__bloc__container\">\r\n\t\t\t<div class=\"temoignages__bloc__img\">\r\n\t\t\t\t<img decoding=\"async\" src=\"\/wp-content\/themes\/avantage\/assets\/img\/photo_sylvie_choronzey.jpg\" alt=\"\">\r\n\t\t\t<\/div>\r\n\t\t\t<div class=\"temoignages__bloc__ico\">\r\n\t\t\t\t<img decoding=\"async\" src=\"\/wp-content\/themes\/avantage\/assets\/img\/ico_quote.png\" alt=\"\">\r\n\t\t\t<\/div>\r\n\t\t\t<div class=\"temoignages__bloc__txt\">\r\n\t\t\t\t<h2 class=\"h3\">Sylvie Choronzey, <span>Associ\u00e9e chez Picard, Choronzey, Harvey inc.<\/span><\/h2>\r\n\t\t\t\t<p>We quickly realized that Avantage PRO exceeded our expectations and turned out to be the most complete and integrated tool on the market<\/p>\r\n\t\t\t\t<p class=\"temoignages__bloc__txt__lien\"><a href=\"\/en\/about\/testimonials\/picard-choronzey-harvey-inc-on-avantage-pro\/\">Read more<\/a><\/p>\r\n\t\t\t<\/div>\r\n\t\t<\/div>\r\n\t<\/div>\r\n<\/div>\r\n\r\n<!--\r\n\/\/ ==========================================================================\r\n\/\/ Fen\u00eatre modal du vid\u00e9o de pr\u00e9sentation\r\n\/\/ ==========================================================================\r\n-->\r\n<div class=\"full_page_modal_bg\"><\/div>\r\n<div id=\"video_presentation\" class=\"full_page_modal_video full_page_modal full_page_modal_hidden\">\r\n    <div class=\"full_page_modal_content\">\r\n        <div class=\"close_modal\">\r\n            <div><img decoding=\"async\" src=\"\/wp-content\/themes\/avantage\/assets\/img\/x-btn-close.svg\" alt=\"X\"><\/div>\r\n        <\/div>\r\n        <div class=\"container\">\r\n            <h2><\/h2>\r\n            <iframe data-lien-video=\"https:\/\/www.youtube.com\/embed\/wpGWpReQOcg?autoplay=1&controls=1&modestbranding=1&rel=0&showinfo=0\" src=\"\" frameborder=\"0\" allow=\"accelerometer; encrypted-media; gyroscope; picture-in-picture\" allowfullscreen><\/iframe>\r\n        <\/div>\r\n    <\/div>\r\n<\/div>","protected":false},"excerpt":{"rendered":"Discover why so many businesses like Avantage. Watch video (fr) Myriam Lesquir, Controller, Germain Construction Inc. Avantage is the best option for any type of business. It's easy to learn and to use. Read more | Visit web site Germain Construction Inc. M\u00e9lanie Larouche, Controller and HR-OHS Assistant, Groupe Alfred Boivin This solution, which is [&hellip;]","protected":false},"author":4,"featured_media":0,"parent":360,"menu_order":0,"comment_status":"closed","ping_status":"closed","template":"templates\/template_container.php","meta":{"_acf_changed":false,"footnotes":""},"class_list":["post-377","page","type-page","status-publish","hentry"],"acf":[],"yoast_head":"<!-- This site is optimized with the Yoast SEO plugin v27.5 - https:\/\/yoast.com\/product\/yoast-seo-wordpress\/ -->\n<title>Testimonials - Avantage<\/title>\n<meta name=\"robots\" content=\"index, follow, max-snippet:-1, max-image-preview:large, max-video-preview:-1\" \/>\n<link rel=\"canonical\" href=\"https:\/\/www.avantage.ca\/en\/about\/testimonials\/\" \/>\n<meta property=\"og:locale\" content=\"en_US\" \/>\n<meta property=\"og:type\" content=\"article\" \/>\n<meta property=\"og:title\" content=\"Testimonials - Avantage\" \/>\n<meta property=\"og:description\" content=\"Discover why so many businesses like Avantage. Watch video (fr) Myriam Lesquir, Controller, Germain Construction Inc. Avantage is the best option for any type of business. It&#039;s easy to learn and to use. Read more | Visit web site Germain Construction Inc. M\u00e9lanie Larouche, Controller and HR-OHS Assistant, Groupe Alfred Boivin This solution, which is [&hellip;]\" \/>\n<meta property=\"og:url\" content=\"https:\/\/www.avantage.ca\/en\/about\/testimonials\/\" \/>\n<meta property=\"og:site_name\" content=\"Avantage\" \/>\n<meta property=\"article:publisher\" content=\"https:\/\/www.facebook.com\/avantageca\" \/>\n<meta property=\"article:modified_time\" content=\"2024-05-15T15:07:39+00:00\" \/>\n<meta name=\"twitter:card\" content=\"summary_large_image\" \/>\n<meta name=\"twitter:label1\" content=\"Est. reading time\" \/>\n\t<meta name=\"twitter:data1\" content=\"3 minutes\" \/>\n<script type=\"application\/ld+json\" class=\"yoast-schema-graph\">{\"@context\":\"https:\\\/\\\/schema.org\",\"@graph\":[{\"@type\":\"WebPage\",\"@id\":\"https:\\\/\\\/www.avantage.ca\\\/en\\\/about\\\/testimonials\\\/\",\"url\":\"https:\\\/\\\/www.avantage.ca\\\/en\\\/about\\\/testimonials\\\/\",\"name\":\"Testimonials - Avantage\",\"isPartOf\":{\"@id\":\"https:\\\/\\\/www.avantage.ca\\\/en\\\/#website\"},\"datePublished\":\"2017-06-16T14:04:38+00:00\",\"dateModified\":\"2024-05-15T15:07:39+00:00\",\"breadcrumb\":{\"@id\":\"https:\\\/\\\/www.avantage.ca\\\/en\\\/about\\\/testimonials\\\/#breadcrumb\"},\"inLanguage\":\"en-CA\",\"potentialAction\":[{\"@type\":\"ReadAction\",\"target\":[\"https:\\\/\\\/www.avantage.ca\\\/en\\\/about\\\/testimonials\\\/\"]}]},{\"@type\":\"BreadcrumbList\",\"@id\":\"https:\\\/\\\/www.avantage.ca\\\/en\\\/about\\\/testimonials\\\/#breadcrumb\",\"itemListElement\":[{\"@type\":\"ListItem\",\"position\":1,\"name\":\"About\",\"item\":\"https:\\\/\\\/www.avantage.ca\\\/en\\\/about\\\/\"},{\"@type\":\"ListItem\",\"position\":2,\"name\":\"Testimonials\"}]},{\"@type\":\"WebSite\",\"@id\":\"https:\\\/\\\/www.avantage.ca\\\/en\\\/#website\",\"url\":\"https:\\\/\\\/www.avantage.ca\\\/en\\\/\",\"name\":\"Avantage\",\"description\":\"Avantage accounting software for small businesses and accounting pros\",\"potentialAction\":[{\"@type\":\"SearchAction\",\"target\":{\"@type\":\"EntryPoint\",\"urlTemplate\":\"https:\\\/\\\/www.avantage.ca\\\/en\\\/?s={search_term_string}\"},\"query-input\":{\"@type\":\"PropertyValueSpecification\",\"valueRequired\":true,\"valueName\":\"search_term_string\"}}],\"inLanguage\":\"en-CA\"}]}<\/script>\n<!-- \/ Yoast SEO plugin. -->","yoast_head_json":{"title":"Testimonials - Avantage","robots":{"index":"index","follow":"follow","max-snippet":"max-snippet:-1","max-image-preview":"max-image-preview:large","max-video-preview":"max-video-preview:-1"},"canonical":"https:\/\/www.avantage.ca\/en\/about\/testimonials\/","og_locale":"en_US","og_type":"article","og_title":"Testimonials - Avantage","og_description":"Discover why so many businesses like Avantage. Watch video (fr) Myriam Lesquir, Controller, Germain Construction Inc. Avantage is the best option for any type of business. It's easy to learn and to use. Read more | Visit web site Germain Construction Inc. M\u00e9lanie Larouche, Controller and HR-OHS Assistant, Groupe Alfred Boivin This solution, which is [&hellip;]","og_url":"https:\/\/www.avantage.ca\/en\/about\/testimonials\/","og_site_name":"Avantage","article_publisher":"https:\/\/www.facebook.com\/avantageca","article_modified_time":"2024-05-15T15:07:39+00:00","twitter_card":"summary_large_image","twitter_misc":{"Est. reading time":"3 minutes"},"schema":{"@context":"https:\/\/schema.org","@graph":[{"@type":"WebPage","@id":"https:\/\/www.avantage.ca\/en\/about\/testimonials\/","url":"https:\/\/www.avantage.ca\/en\/about\/testimonials\/","name":"Testimonials - Avantage","isPartOf":{"@id":"https:\/\/www.avantage.ca\/en\/#website"},"datePublished":"2017-06-16T14:04:38+00:00","dateModified":"2024-05-15T15:07:39+00:00","breadcrumb":{"@id":"https:\/\/www.avantage.ca\/en\/about\/testimonials\/#breadcrumb"},"inLanguage":"en-CA","potentialAction":[{"@type":"ReadAction","target":["https:\/\/www.avantage.ca\/en\/about\/testimonials\/"]}]},{"@type":"BreadcrumbList","@id":"https:\/\/www.avantage.ca\/en\/about\/testimonials\/#breadcrumb","itemListElement":[{"@type":"ListItem","position":1,"name":"About","item":"https:\/\/www.avantage.ca\/en\/about\/"},{"@type":"ListItem","position":2,"name":"Testimonials"}]},{"@type":"WebSite","@id":"https:\/\/www.avantage.ca\/en\/#website","url":"https:\/\/www.avantage.ca\/en\/","name":"Avantage","description":"Avantage accounting software for small businesses and accounting pros","potentialAction":[{"@type":"SearchAction","target":{"@type":"EntryPoint","urlTemplate":"https:\/\/www.avantage.ca\/en\/?s={search_term_string}"},"query-input":{"@type":"PropertyValueSpecification","valueRequired":true,"valueName":"search_term_string"}}],"inLanguage":"en-CA"}]}},"_links":{"self":[{"href":"https:\/\/www.avantage.ca\/en\/wp-json\/wp\/v2\/pages\/377","targetHints":{"allow":["GET"]}}],"collection":[{"href":"https:\/\/www.avantage.ca\/en\/wp-json\/wp\/v2\/pages"}],"about":[{"href":"https:\/\/www.avantage.ca\/en\/wp-json\/wp\/v2\/types\/page"}],"author":[{"embeddable":true,"href":"https:\/\/www.avantage.ca\/en\/wp-json\/wp\/v2\/users\/4"}],"replies":[{"embeddable":true,"href":"https:\/\/www.avantage.ca\/en\/wp-json\/wp\/v2\/comments?post=377"}],"version-history":[{"count":20,"href":"https:\/\/www.avantage.ca\/en\/wp-json\/wp\/v2\/pages\/377\/revisions"}],"predecessor-version":[{"id":24227,"href":"https:\/\/www.avantage.ca\/en\/wp-json\/wp\/v2\/pages\/377\/revisions\/24227"}],"up":[{"embeddable":true,"href":"https:\/\/www.avantage.ca\/en\/wp-json\/wp\/v2\/pages\/360"}],"wp:attachment":[{"href":"https:\/\/www.avantage.ca\/en\/wp-json\/wp\/v2\/media?parent=377"}],"curies":[{"name":"wp","href":"https:\/\/api.w.org\/{rel}","templated":true}]}}