{"id":998,"date":"2017-07-24T10:23:46","date_gmt":"2017-07-24T14:23:46","guid":{"rendered":"http:\/\/pprod.avantage.ca\/?page_id=998\/"},"modified":"2025-12-15T10:52:45","modified_gmt":"2025-12-15T15:52:45","slug":"financial","status":"publish","type":"page","link":"https:\/\/www.avantage.ca\/en\/solutions\/financial\/","title":{"rendered":"Financial"},"content":{"rendered":"<!-- BANNER -->\r\n<section class=\"banner banner--financier__1\">\r\n\t<div class=\"container\">\r\n\t\t<div class=\"banner__left\">\r\n\t\t\t<h2 class=\"banner__left__titre h3\">Flexible financial statements, detailed budgets and consolidation of companies<\/h2>\r\n\t\t\t<p>Financial simplifies the management of your financial operations and lets you get the most from your Avantage software.<\/p>\r\n\t\t\t<div class=\"banner__left__button\">\r\n\t\t\t\t<a class=\"button black\" data-target=\"button\" data-id=\"contacter-logiciels_EN\" data-title=\"Contact an advisor\">Contact an advisor<\/a>\r\n\t\t\t<\/div>\r\n\t\t<\/div>\r\n\t\t<div class=\"banner__right\">\r\n\t\t\t<img decoding=\"async\" src=\"\/wp-content\/themes\/avantage\/assets\/img\/img_avantage_financier.svg\">\r\n\t\t<\/div>\r\n\t<\/div>\r\n<\/section>\r\n\r\n<section class=\"id-bar\" style=\"background-color: white;\">\r\n\t<div class=\"container\">\r\n\t\t<div><a class=\"js-scrollTo active\" href=\"#prix\" data-id=\"prix\">Price and comparison grid<\/a><\/div>\r\n\t<\/div>\r\n<\/section>\r\n\r\n<section class=\"mod-imggauche mod-imggauche__solution\">\r\n\t<div class=\"container\">\r\n\t\t<div class=\"mod-imggauche__left\">\r\n\t\t\t<img decoding=\"async\" src=\"\/wp-content\/themes\/avantage\/assets\/img\/solution_ideale.svg\" alt=\"\">\r\n\t\t<\/div>\r\n\t\t<div class=\"mod-imggauche__right\">\r\n\t\t\t<h3 class=\"\">The perfect solution for careful oversight of your company's financial operations.<\/h3>\r\n\t\t\t<p class=\"\">Whether you are a manager, a company controller, accounting technician or any other accounting professional, Avantage Financial is the perfect tool to improve and simplify the management of your operations.<\/p>\r\n\t\t<\/div>\r\n\t<\/div>\r\n<\/section>\r\n\r\n<section class=\"mod-col--pme center\">\r\n\t<div class=\"container\">\t\t\r\n\t\t<h3 class=\"h2\">Avantage Financial complements your accounting management software so that you can do even more.<\/h3>\r\n\t\t<p class=\"mod-col__sous-titre\">Synchronize your data with a simple click and benefit from a peak performing tool.<\/p>\r\n\t<\/div>\r\n<\/section>\r\n\r\n<section class=\"mod-imggauche mod-imggauche--droite mod-imggauche__etats\">\r\n\t<div class=\"container\">\r\n\t\t<div class=\"mod-imggauche__left\">\r\n\t\t\t<h3>Flexible financial statements<\/h3>\r\n\t\t\t<p>Closely follow your company's financial situation with flexible and easy to analyze financial statements which will help you make informed business decisions.<\/p>\r\n\t\t<\/div>\r\n\t\t<div class=\"mod-imggauche__right\">\r\n\t\t\t<img decoding=\"async\" src=\"\/wp-content\/themes\/avantage\/assets\/img\/etats_financiers.svg\" alt=\"\">\r\n\t\t<\/div>\r\n\t<\/div>\r\n<\/section>\r\n\r\n<section class=\"mod-imggauche mod-imggauche__consolidation\">\r\n\t<div class=\"container\">\r\n\t\t<div class=\"mod-imggauche__left\">\r\n\t\t\t<img decoding=\"async\" src=\"\/wp-content\/themes\/avantage\/assets\/img\/consolidation.svg\" alt=\"\">\r\n\t\t<\/div>\r\n\t\t<div class=\"mod-imggauche__right\">\r\n\t\t\t<h3>Consolidation of financial statements<\/h3>\r\n\t\t\t<p>Consolidate the financial statements of your various companies in order to benefit from a fair view of their financial situation.<\/p>\r\n\t\t<\/div>\r\n\t<\/div>\r\n<\/section>\r\n\r\n<section class=\"mod-imggauche mod-imggauche--droite mod-imggauche__budget\">\r\n\t<div class=\"container\">\r\n\t\t<div class=\"mod-imggauche__left\">\r\n\t\t\t<h3>Detailed budget<\/h3>\r\n\t\t\t<p>Plan a detailed and simple budget to follow in order to efficiently manage your company's finances and ensure you reach your goals.<\/p>\r\n\t\t<\/div>\r\n\t\t<div class=\"mod-imggauche__right\">\r\n\t\t\t<img decoding=\"async\" src=\"\/wp-content\/themes\/avantage\/assets\/img\/budget.svg\" alt=\"\">\r\n\t\t<\/div>\r\n\t<\/div>\r\n<\/section>\r\n\r\n\r\n\r\n<!-- ###############################################################################\r\nmodule-visionneuse\r\n#################################################################################-->\r\n<!--<div class=\"module_visionneuse module_visionneuse--financier\">\r\n\t<div class=\"container\">\r\n\t\t<h2 class=\"h2\">Assurez une gestion financi\u00e8re <br class=\"hidden_xs hidden_sm hidden_md\"> efficace de votre entreprise<\/h2>\r\n\t\t<div class=\"module_visionneuse__content\">\r\n\t\t\t<div class=\"module_visionneuse__content__outils\">\r\n\t\t\t\t<ul class=\"module_visionneuse__content__outils__liste\">\r\n\t\t\t\t\t<li id=\"financier-01\" class=\"module_visionneuse__content__outils__liste__outil active\">\r\n\t\t\t\t\t\t<p class=\"module_visionneuse__content__outils__liste__outil__titre\">Pr\u00e9paration de budgets pr\u00e9cis et d\u00e9taill\u00e9s<\/p>\r\n\t\t\t\t\t<\/li>\r\n\t\t\t\t\t<li  id=\"financier-02\" class=\"module_visionneuse__content__outils__liste__outil\">\r\n\t\t\t\t\t\t<p class=\"module_visionneuse__content__outils__liste__outil__titre\">Configuration flexible du budget<\/p>\r\n\t\t\t\t\t<\/li>\r\n\t\t\t\t\t<li id=\"financier-03\" class=\"module_visionneuse__content__outils__liste__outil\">\r\n\t\t\t\t\t\t<p class=\"module_visionneuse__content__outils__liste__outil__titre\">Multiples possibilit\u00e9s pour l\u2019impression des \u00e9tats financiers<\/p>\r\n\t\t\t\t\t<\/li>\r\n\t\t\t\t\t<li id=\"financier-04\" class=\"module_visionneuse__content__outils__liste__outil\">\r\n\t\t\t\t\t\t<p class=\"module_visionneuse__content__outils__liste__outil__titre\">Mise en page flexible et conviviale<\/p>\r\n\t\t\t\t\t<\/li>\r\n\t\t\t\t\t<li id=\"financier-05\" class=\"module_visionneuse__content__outils__liste__outil\">\r\n\t\t\t\t\t\t<p class=\"module_visionneuse__content__outils__liste__outil__titre\">Regroupement de comptes selon les besoins pour le bilan consolid\u00e9<\/p>\r\n\t\t\t\t\t<\/li>\r\n\t\t\t\t<\/ul>\r\n\t\t\t<\/div>\r\n\t\t\t<div class=\"module_visionneuse__content__exemple\">\r\n\t\t\t\t<img decoding=\"async\" class=\"module_visionneuse__content__exemple__img\" src=\"\/wp-content\/themes\/avantage\/assets\/img\/captures\/img_tuto_financier-01.png\">\t\t\r\n\t\t\t<\/div>\r\n\t\t<\/div>\r\n\t<\/div>\r\n<\/div>-->\r\n<!-- ###############################################################################\r\nTableau\r\n#################################################################################-->\r\n\r\n<section class=\"tableaux tableaux--4col tableaux--financier\" id=\"prix\">\r\n\t<div class=\"container tableaux--hover\">\r\n\t\t<h2 class=\"container\">Compare the Financial software versions <br class=\"hidden_xs hidden_sm hidden_md\">and find the one that is best for you!<\/h2>\r\n\t\t<table class=\"tableaux__entete\">\r\n\t\t\t<thead>\r\n\t\t\t\t<tr>\r\n\t\t\t\t\t<th><h3>Price and comparison grid<\/h3><\/th>\r\n\t\t\t\t\t<th>\r\n\t\t\t\t\t\t<p class=\"tableaux__entete__titre\">Intro<\/p>\r\n\t\t\t\t\t\t<p class=\"tableaux__entete__prix\"><sup>$<\/sup>835<\/p>\r\n\t\t\t\t\t\t<div class=\"tableaux__entete__cta\">\r\n\t\t\t\t\t\t\t<a class=\"button button_small\" data-target=\"button\" data-id=\"contacter-logiciels_EN\" data-title=\"Contact an advisor\" data-plan=\"Avantage Financial - Intro\">Contact <br>an advisor<\/a>\r\n\t\t\t\t\t\t<\/div>\r\n\t\t\t\t\t<\/th>\r\n\t\t\t\t\t<th>\r\n\t\t\t\t\t\t<p class=\"tableaux__entete__titre\">Intro+<\/p>\r\n\t\t\t\t\t\t<p class=\"tableaux__entete__prix\"><sup>$<\/sup>1,225<\/p>\r\n\t\t\t\t\t\t<div class=\"tableaux__entete__cta\">\r\n\t\t\t\t\t\t\t<a class=\"button button_small\" data-target=\"button\" data-id=\"contacter-logiciels_EN\" data-title=\"Contact an advisor\" data-plan=\"Avantage Financial - Intro+\">Contact <br>an advisor<\/a>\r\n\t\t\t\t\t\t<\/div>\r\n\t\t\t\t\t<\/th>\r\n\t\t\t\t\t<th>\r\n\t\t\t\t\t\t<p class=\"tableaux__entete__titre\">Complete<\/p>\r\n\t\t\t\t\t\t<p class=\"tableaux__entete__prix\"><sup>$<\/sup>1,840<\/p>\r\n\t\t\t\t\t\t<div class=\"tableaux__entete__cta\">\r\n\t\t\t\t\t\t\t<a class=\"button button_small\" data-target=\"button\" data-id=\"contacter-logiciels_EN\" data-title=\"Contact an advisor\" data-plan=\"Avantage Financial - Complete\">Contact <br>an advisor<\/a>\r\n\t\t\t\t\t\t<\/div>\r\n\t\t\t\t\t<\/th>\r\n\t\t\t\t<\/tr>\r\n\t\t\t<\/thead>\r\n\t\t<\/table>\r\n\t\t<div class=\"tableaux__content tableaux--accordeon \">\r\n\t\t\t<div class=\"tableaux--accordeon__head active\">Financial reports and statements<\/div>\r\n\t\t\t<div class=\"tableaux--accordeon__tableau\" style=\"display: block;\">\r\n\t\t\t\t<table>\r\n\t\t\t\t\t<tbody>\r\n\t\t\t\t\t\t<tr>\r\n\t\t\t\t\t\t\t<td>Customized layout of General Ledger accounts in statements<\/td>\r\n\t\t\t\t\t\t\t<td><i class=\"chevron\"><\/i><\/td>\r\n\t\t\t\t\t\t\t<td><i class=\"chevron\"><\/i><\/td>\r\n\t\t\t\t\t\t\t<td><i class=\"chevron\"><\/i><\/td>\r\n\t\t\t\t\t\t<\/tr>\r\n\t\t\t\t\t\t<tr>\r\n\t\t\t\t\t\t\t<td>Creation of subtotals, totals and groupings<\/td>\r\n\t\t\t\t\t\t\t<td><i class=\"chevron\"><\/i><\/td>\r\n\t\t\t\t\t\t\t<td><i class=\"chevron\"><\/i><\/td>\r\n\t\t\t\t\t\t\t<td><i class=\"chevron\"><\/i><\/td>\r\n\t\t\t\t\t\t<\/tr>\r\n\t\t\t\t\t\t<tr>\r\n\t\t\t\t\t\t\t<td>Creation of income and balance sheet schedules<\/td>\r\n\t\t\t\t\t\t\t<td><i class=\"chevron\"><\/i><\/td>\r\n\t\t\t\t\t\t\t<td><i class=\"chevron\"><\/i><\/td>\r\n\t\t\t\t\t\t\t<td><i class=\"chevron\"><\/i><\/td>\r\n\t\t\t\t\t\t<\/tr>\r\n\t\t\t\t\t\t<tr>\r\n\t\t\t\t\t\t\t<td>Financial statements per project available with the Implication and Integration solutions for SMBs<\/td>\r\n\t\t\t\t\t\t\t<td><i class=\"chevron\"><\/i><\/td>\r\n\t\t\t\t\t\t\t<td><i class=\"chevron\"><\/i><\/td>\r\n\t\t\t\t\t\t\t<td><i class=\"chevron\"><\/i><\/td>\r\n\t\t\t\t\t\t<\/tr>\r\n\t\t\t\t\t\t<tr>\r\n\t\t\t\t\t\t\t<td>Statements across 2 columns, 3 columns, 3-column comparative statements, 2x2 columns, 13-14 columns<\/td>\r\n\t\t\t\t\t\t\t<td><i class=\"chevron\"><\/i><\/td>\r\n\t\t\t\t\t\t\t<td><i class=\"chevron\"><\/i><\/td>\r\n\t\t\t\t\t\t\t<td><i class=\"chevron\"><\/i><\/td>\r\n\t\t\t\t\t\t<\/tr>\r\n\t\t\t\t\t\t<tr>\r\n\t\t\t\t\t\t\t<td>Option of creating and saving debt redemption schedules<\/td>\r\n\t\t\t\t\t\t\t<td><i class=\"chevron\"><\/i><\/td>\r\n\t\t\t\t\t\t\t<td><i class=\"chevron\"><\/i><\/td>\r\n\t\t\t\t\t\t\t<td><i class=\"chevron\"><\/i><\/td>\r\n\t\t\t\t\t\t<\/tr>\r\n\t\t\t\t\t\t<tr>\r\n\t\t\t\t\t\t\t<td>Manage and print financial ratios<\/td>\r\n\t\t\t\t\t\t\t<td><i class=\"chevron\"><\/i><\/td>\r\n\t\t\t\t\t\t\t<td><i class=\"chevron\"><\/i><\/td>\r\n\t\t\t\t\t\t\t<td><i class=\"chevron\"><\/i><\/td>\r\n\t\t\t\t\t\t<\/tr>\r\n\t\t\t\t\t<\/tbody>\r\n\t\t\t\t<\/table>\r\n\t\t\t<\/div>\r\n\t\t<\/div>\r\n\t\t<div class=\"tableaux__content tableaux--accordeon\">\r\n\t\t\t<div class=\"tableaux--accordeon__head\">Company consolidation<\/div>\r\n\t\t\t<div class=\"tableaux--accordeon__tableau\">\r\n\t\t\t\t<table class=\"tableaux__content\">\r\n\t\t\t\t\t<tbody>\r\n\t\t\t\t\t\t<tr>\r\n\t\t\t\t\t\t\t<td>Consolidation of the trial balance and annual general ledger<\/td>\r\n\t\t\t\t\t\t\t<td><\/td>\r\n\t\t\t\t\t\t\t<td><i class=\"chevron\"><\/i><\/td>\r\n\t\t\t\t\t\t\t<td><i class=\"chevron\"><\/i><\/td>\r\n\t\t\t\t\t\t<\/tr>\r\n\t\t\t\t\t\t<tr>\r\n\t\t\t\t\t\t\t<td>Option of adding consolidation entries<\/td>\r\n\t\t\t\t\t\t\t<td><\/td>\r\n\t\t\t\t\t\t\t<td><i class=\"chevron\"><\/i><\/td>\r\n\t\t\t\t\t\t\t<td><i class=\"chevron\"><\/i><\/td>\r\n\t\t\t\t\t\t<\/tr>\r\n\t\t\t\t\t\t<tr>\r\n\t\t\t\t\t\t\t<td>Possibility of grouping several accounts from companies into a single consolidated company account<\/td>\r\n\t\t\t\t\t\t\t<td><\/td>\r\n\t\t\t\t\t\t\t<td><i class=\"chevron\"><\/i><\/td>\r\n\t\t\t\t\t\t\t<td><i class=\"chevron\"><\/i><\/td>\r\n\t\t\t\t\t\t<\/tr>\r\n\t\t\t\t\t\t<tr>\r\n\t\t\t\t\t\t\t<td>Consolidation of projected financial statements of several companies<\/td>\r\n\t\t\t\t\t\t\t<td><\/td>\r\n\t\t\t\t\t\t\t<td><\/td>\r\n\t\t\t\t\t\t\t<td><i class=\"chevron\"><\/i><\/td>\r\n\t\t\t\t\t\t<\/tr>\r\n\t\t\t\t\t<\/tbody>\r\n\t\t\t\t<\/table>\r\n\t\t\t<\/div>\r\n\t\t<\/div>\r\n\t\t<div class=\"tableaux__content tableaux--accordeon\">\r\n\t\t\t<div class=\"tableaux--accordeon__head\">Budget management<\/div>\r\n\t\t\t<div class=\"tableaux--accordeon__tableau\">\r\n\t\t\t\t<table class=\"tableaux__content\">\r\n\t\t\t\t\t<tbody>\r\n\t\t\t\t\t\t<tr>\r\n\t\t\t\t\t\t\t<td>Five-year budget presentation enabling various comparisons<\/td>\r\n\t\t\t\t\t\t\t<td><\/td>\r\n\t\t\t\t\t\t\t<td><\/td>\r\n\t\t\t\t\t\t\t<td><i class=\"chevron\"><\/i><\/td>\r\n\t\t\t\t\t\t<\/tr>\r\n\t\t\t\t\t\t<tr>\r\n\t\t\t\t\t\t\t<td>For each budget period, option of defining a variable rate credit line, minimum cash balance, minimum loan range, and maximum credit line amount<\/td>\r\n\t\t\t\t\t\t\t<td><\/td>\r\n\t\t\t\t\t\t\t<td><\/td>\r\n\t\t\t\t\t\t\t<td><i class=\"chevron\"><\/i><\/td>\r\n\t\t\t\t\t\t<\/tr>\r\n\t\t\t\t\t\t<tr>\r\n\t\t\t\t\t\t\t<td>Option of using simple formulas to create variables that can be included in it<\/td>\r\n\t\t\t\t\t\t\t<td><\/td>\r\n\t\t\t\t\t\t\t<td><\/td>\r\n\t\t\t\t\t\t\t<td><i class=\"chevron\"><\/i><\/td>\r\n\t\t\t\t\t\t<\/tr>\r\n\t\t\t\t\t\t<tr>\r\n\t\t\t\t\t\t\t<td>Automatic or manual stock calculation, with or without minimum stocks<\/td>\r\n\t\t\t\t\t\t\t<td><\/td>\r\n\t\t\t\t\t\t\t<td><\/td>\r\n\t\t\t\t\t\t\t<td><i class=\"chevron\"><\/i><\/td>\r\n\t\t\t\t\t\t<\/tr>\r\n\t\t\t\t\t\t<tr>\r\n\t\t\t\t\t\t\t<td>Option of entering amounts based on an increase in dollars or percentage compared to historical data<\/td>\r\n\t\t\t\t\t\t\t<td><\/td>\r\n\t\t\t\t\t\t\t<td><\/td>\r\n\t\t\t\t\t\t\t<td><i class=\"chevron\"><\/i><\/td>\r\n\t\t\t\t\t\t<\/tr>\r\n\t\t\t\t\t\t<tr>\r\n\t\t\t\t\t\t\t<td>During budget building, real time view of statement of income, balance sheet and cash flow<\/td>\r\n\t\t\t\t\t\t\t<td><\/td>\r\n\t\t\t\t\t\t\t<td><\/td>\r\n\t\t\t\t\t\t\t<td><i class=\"chevron\"><\/i><\/td>\r\n\t\t\t\t\t\t<\/tr>\r\n\t\t\t\t\t\t<tr>\r\n\t\t\t\t\t\t\t<td>Integration of actual amounts in the budget during the year<\/td>\r\n\t\t\t\t\t\t\t<td><\/td>\r\n\t\t\t\t\t\t\t<td><\/td>\r\n\t\t\t\t\t\t\t<td><i class=\"chevron\"><\/i><\/td>\r\n\t\t\t\t\t\t<\/tr>\r\n\t\t\t\t\t<\/tbody>\r\n\t\t\t\t<\/table>\r\n\t\t\t<\/div>\r\n\t\t<\/div>\r\n\t<\/div>\r\n<\/section>\r\n<p class=\"tableaux__boutons-mobile\">\r\n\t<a class=\"button\" data-target=\"button\" data-id=\"contacter-logiciels_EN\" data-title=\"Contact an advisor\">Contact an advisor<\/a>\r\n<\/p>\r\n\r\n<section class=\"questions\">\r\n\t<div class=\"container\">\r\n\t<h2>Do you have questions or want to get a closer look at the software?<\/h2>\r\n\r\n\t\t\t\t<div class=\"box\">\r\n\t\t\t\t\t<p>Contact one of our advisors to discuss your needs and plan a customized demonstration.<\/p>\r\n\t\t\t\t\t\r\n\t\t\t\t\t<a class=\"button\" data-target=\"button\" data-id=\"contacter-logiciels_EN\" data-title=\"Talk to our experts\">Talk to <br>our experts<\/a>\r\n\t\t\t\t<\/div>\r\n\t\t\t<\/div>\r\n\r\n<\/section>\r\n","protected":false},"excerpt":{"rendered":"Flexible financial statements, detailed budgets and consolidation of companies Financial simplifies the management of your financial operations and lets you get the most from your Avantage software. Contact an advisor Price and comparison grid The perfect solution for careful oversight of your company's financial operations. Whether you are a manager, a company controller, accounting technician [&hellip;]","protected":false},"author":4,"featured_media":0,"parent":18318,"menu_order":0,"comment_status":"closed","ping_status":"closed","template":"templates\/template_container_less.php","meta":{"_acf_changed":false,"footnotes":""},"class_list":["post-998","page","type-page","status-publish","hentry"],"acf":[],"yoast_head":"<!-- This site is optimized with the Yoast SEO plugin v27.5 - https:\/\/yoast.com\/product\/yoast-seo-wordpress\/ -->\n<title>Financial - Avantage<\/title>\n<meta name=\"robots\" content=\"index, follow, max-snippet:-1, max-image-preview:large, max-video-preview:-1\" \/>\n<link rel=\"canonical\" href=\"https:\/\/www.avantage.ca\/en\/solutions\/financial\/\" \/>\n<meta property=\"og:locale\" content=\"en_US\" \/>\n<meta property=\"og:type\" content=\"article\" \/>\n<meta property=\"og:title\" content=\"Financial - Avantage\" \/>\n<meta property=\"og:description\" content=\"Flexible financial statements, detailed budgets and consolidation of companies Financial simplifies the management of your financial operations and lets you get the most from your Avantage software. Contact an advisor Price and comparison grid The perfect solution for careful oversight of your company&#039;s financial operations. Whether you are a manager, a company controller, accounting technician [&hellip;]\" \/>\n<meta property=\"og:url\" content=\"https:\/\/www.avantage.ca\/en\/solutions\/financial\/\" \/>\n<meta property=\"og:site_name\" content=\"Avantage\" \/>\n<meta property=\"article:publisher\" content=\"https:\/\/www.facebook.com\/avantageca\" \/>\n<meta property=\"article:modified_time\" content=\"2025-12-15T15:52:45+00:00\" \/>\n<meta name=\"twitter:card\" content=\"summary_large_image\" \/>\n<meta name=\"twitter:label1\" content=\"Est. reading time\" \/>\n\t<meta name=\"twitter:data1\" content=\"3 minutes\" \/>\n<script type=\"application\/ld+json\" class=\"yoast-schema-graph\">{\"@context\":\"https:\\\/\\\/schema.org\",\"@graph\":[{\"@type\":\"WebPage\",\"@id\":\"https:\\\/\\\/www.avantage.ca\\\/en\\\/solutions\\\/financial\\\/\",\"url\":\"https:\\\/\\\/www.avantage.ca\\\/en\\\/solutions\\\/financial\\\/\",\"name\":\"Financial - Avantage\",\"isPartOf\":{\"@id\":\"https:\\\/\\\/www.avantage.ca\\\/en\\\/#website\"},\"datePublished\":\"2017-07-24T14:23:46+00:00\",\"dateModified\":\"2025-12-15T15:52:45+00:00\",\"breadcrumb\":{\"@id\":\"https:\\\/\\\/www.avantage.ca\\\/en\\\/solutions\\\/financial\\\/#breadcrumb\"},\"inLanguage\":\"en-CA\",\"potentialAction\":[{\"@type\":\"ReadAction\",\"target\":[\"https:\\\/\\\/www.avantage.ca\\\/en\\\/solutions\\\/financial\\\/\"]}]},{\"@type\":\"BreadcrumbList\",\"@id\":\"https:\\\/\\\/www.avantage.ca\\\/en\\\/solutions\\\/financial\\\/#breadcrumb\",\"itemListElement\":[{\"@type\":\"ListItem\",\"position\":1,\"name\":\"Solutions\",\"item\":\"https:\\\/\\\/www.avantage.ca\\\/en\\\/solutions\\\/\"},{\"@type\":\"ListItem\",\"position\":2,\"name\":\"Financial\"}]},{\"@type\":\"WebSite\",\"@id\":\"https:\\\/\\\/www.avantage.ca\\\/en\\\/#website\",\"url\":\"https:\\\/\\\/www.avantage.ca\\\/en\\\/\",\"name\":\"Avantage\",\"description\":\"Avantage accounting software for small businesses and accounting pros\",\"potentialAction\":[{\"@type\":\"SearchAction\",\"target\":{\"@type\":\"EntryPoint\",\"urlTemplate\":\"https:\\\/\\\/www.avantage.ca\\\/en\\\/?s={search_term_string}\"},\"query-input\":{\"@type\":\"PropertyValueSpecification\",\"valueRequired\":true,\"valueName\":\"search_term_string\"}}],\"inLanguage\":\"en-CA\"}]}<\/script>\n<!-- \/ Yoast SEO plugin. -->","yoast_head_json":{"title":"Financial - Avantage","robots":{"index":"index","follow":"follow","max-snippet":"max-snippet:-1","max-image-preview":"max-image-preview:large","max-video-preview":"max-video-preview:-1"},"canonical":"https:\/\/www.avantage.ca\/en\/solutions\/financial\/","og_locale":"en_US","og_type":"article","og_title":"Financial - Avantage","og_description":"Flexible financial statements, detailed budgets and consolidation of companies Financial simplifies the management of your financial operations and lets you get the most from your Avantage software. Contact an advisor Price and comparison grid The perfect solution for careful oversight of your company's financial operations. Whether you are a manager, a company controller, accounting technician [&hellip;]","og_url":"https:\/\/www.avantage.ca\/en\/solutions\/financial\/","og_site_name":"Avantage","article_publisher":"https:\/\/www.facebook.com\/avantageca","article_modified_time":"2025-12-15T15:52:45+00:00","twitter_card":"summary_large_image","twitter_misc":{"Est. reading time":"3 minutes"},"schema":{"@context":"https:\/\/schema.org","@graph":[{"@type":"WebPage","@id":"https:\/\/www.avantage.ca\/en\/solutions\/financial\/","url":"https:\/\/www.avantage.ca\/en\/solutions\/financial\/","name":"Financial - Avantage","isPartOf":{"@id":"https:\/\/www.avantage.ca\/en\/#website"},"datePublished":"2017-07-24T14:23:46+00:00","dateModified":"2025-12-15T15:52:45+00:00","breadcrumb":{"@id":"https:\/\/www.avantage.ca\/en\/solutions\/financial\/#breadcrumb"},"inLanguage":"en-CA","potentialAction":[{"@type":"ReadAction","target":["https:\/\/www.avantage.ca\/en\/solutions\/financial\/"]}]},{"@type":"BreadcrumbList","@id":"https:\/\/www.avantage.ca\/en\/solutions\/financial\/#breadcrumb","itemListElement":[{"@type":"ListItem","position":1,"name":"Solutions","item":"https:\/\/www.avantage.ca\/en\/solutions\/"},{"@type":"ListItem","position":2,"name":"Financial"}]},{"@type":"WebSite","@id":"https:\/\/www.avantage.ca\/en\/#website","url":"https:\/\/www.avantage.ca\/en\/","name":"Avantage","description":"Avantage accounting software for small businesses and accounting pros","potentialAction":[{"@type":"SearchAction","target":{"@type":"EntryPoint","urlTemplate":"https:\/\/www.avantage.ca\/en\/?s={search_term_string}"},"query-input":{"@type":"PropertyValueSpecification","valueRequired":true,"valueName":"search_term_string"}}],"inLanguage":"en-CA"}]}},"_links":{"self":[{"href":"https:\/\/www.avantage.ca\/en\/wp-json\/wp\/v2\/pages\/998","targetHints":{"allow":["GET"]}}],"collection":[{"href":"https:\/\/www.avantage.ca\/en\/wp-json\/wp\/v2\/pages"}],"about":[{"href":"https:\/\/www.avantage.ca\/en\/wp-json\/wp\/v2\/types\/page"}],"author":[{"embeddable":true,"href":"https:\/\/www.avantage.ca\/en\/wp-json\/wp\/v2\/users\/4"}],"replies":[{"embeddable":true,"href":"https:\/\/www.avantage.ca\/en\/wp-json\/wp\/v2\/comments?post=998"}],"version-history":[{"count":27,"href":"https:\/\/www.avantage.ca\/en\/wp-json\/wp\/v2\/pages\/998\/revisions"}],"predecessor-version":[{"id":24867,"href":"https:\/\/www.avantage.ca\/en\/wp-json\/wp\/v2\/pages\/998\/revisions\/24867"}],"up":[{"embeddable":true,"href":"https:\/\/www.avantage.ca\/en\/wp-json\/wp\/v2\/pages\/18318"}],"wp:attachment":[{"href":"https:\/\/www.avantage.ca\/en\/wp-json\/wp\/v2\/media?parent=998"}],"curies":[{"name":"wp","href":"https:\/\/api.w.org\/{rel}","templated":true}]}}